{"id":14,"date":"2022-11-26T14:42:55","date_gmt":"2022-11-26T14:42:55","guid":{"rendered":"http:\/\/lkdolls.lt\/?page_id=14"},"modified":"2024-03-12T08:47:20","modified_gmt":"2024-03-12T08:47:20","slug":"about-us","status":"publish","type":"page","link":"https:\/\/lkdolls.lt\/en\/about-us\/","title":{"rendered":"About us"},"content":{"rendered":"<div data-elementor-type=\"wp-page\" data-elementor-id=\"14\" class=\"elementor elementor-14\">\n\t\t\t\t\t\t<section class=\"elementor-section elementor-top-section elementor-element elementor-element-4e6576f4 elementor-section-height-min-height elementor-section-items-stretch elementor-section-boxed elementor-section-height-default\" data-id=\"4e6576f4\" data-element_type=\"section\" data-e-type=\"section\" data-settings=\"{&quot;background_background&quot;:&quot;classic&quot;}\">\n\t\t\t\t\t\t\t<div class=\"elementor-background-overlay\"><\/div>\n\t\t\t\t\t\t\t<div class=\"elementor-container elementor-column-gap-wider\">\n\t\t\t\t\t<div class=\"elementor-column elementor-col-100 elementor-top-column elementor-element elementor-element-f1a50f6\" data-id=\"f1a50f6\" data-element_type=\"column\" data-e-type=\"column\">\n\t\t\t<div class=\"elementor-widget-wrap elementor-element-populated\">\n\t\t\t\t\t\t<div class=\"elementor-element elementor-element-39a81d08 elementor-widget__width-auto elementor-widget-tablet__width-initial elementor-widget-mobile__width-inherit elementor-invisible elementor-widget elementor-widget-heading\" data-id=\"39a81d08\" data-element_type=\"widget\" data-e-type=\"widget\" data-settings=\"{&quot;_animation&quot;:&quot;fadeInUp&quot;,&quot;_animation_delay&quot;:600}\" data-widget_type=\"heading.default\">\n\t\t\t\t<div class=\"elementor-widget-container\">\n\t\t\t\t\t<h1 class=\"elementor-heading-title elementor-size-default\">ABOUT<\/h1>\t\t\t\t<\/div>\n\t\t\t\t<\/div>\n\t\t\t\t\t<\/div>\n\t\t<\/div>\n\t\t\t\t\t<\/div>\n\t\t<\/section>\n\t\t\t\t<section class=\"elementor-section elementor-top-section elementor-element elementor-element-42fae382 elementor-section-boxed elementor-section-height-default elementor-section-height-default\" data-id=\"42fae382\" data-element_type=\"section\" data-e-type=\"section\" data-settings=\"{&quot;background_background&quot;:&quot;classic&quot;}\">\n\t\t\t\t\t\t<div class=\"elementor-container elementor-column-gap-wider\">\n\t\t\t\t\t<div class=\"elementor-column elementor-col-50 elementor-top-column elementor-element elementor-element-59dd2a77\" data-id=\"59dd2a77\" data-element_type=\"column\" data-e-type=\"column\">\n\t\t\t<div class=\"elementor-widget-wrap elementor-element-populated\">\n\t\t\t\t\t\t<div class=\"elementor-element elementor-element-7cf8e4c elementor-invisible elementor-widget elementor-widget-heading\" data-id=\"7cf8e4c\" data-element_type=\"widget\" data-e-type=\"widget\" data-settings=\"{&quot;_animation&quot;:&quot;fadeInDown&quot;}\" data-widget_type=\"heading.default\">\n\t\t\t\t<div class=\"elementor-widget-container\">\n\t\t\t\t\t<div class=\"elementor-heading-title elementor-size-default\">About LKDOLLS<\/div>\t\t\t\t<\/div>\n\t\t\t\t<\/div>\n\t\t\t\t<div class=\"elementor-element elementor-element-696f5f33 elementor-widget elementor-widget-text-editor\" data-id=\"696f5f33\" data-element_type=\"widget\" data-e-type=\"widget\" data-widget_type=\"text-editor.default\">\n\t\t\t\t<div class=\"elementor-widget-container\">\n\t\t\t\t\t\t\t\t\t<p>\u00a0<\/p><p>\u00a0 \u00a0I am Ligita Kranauskien\u0117, a creator from the wonderful country of Lithuania.<\/p><p>\u00a0 \u00a0My passion and driving force throughout my life is various creations. From food - I grow organic vegetables (the most amazing and delicious food in the world!) - to making dolls and other arts and crafts. Five years ago, I created the LKdolls brand on the Facebook social network, which represent handmade products. Over time, I decided to transfer my work to my personal website. And here it is - www.lkdolls.lt is here! I hope this page fulfills my desire to facilitate the availability and visibility of my works for you.<\/p><p>\u00a0 \u00a0All my dolls and other collections are made with great love and attention to every detail. If you have any questions about my creations, please contact me by email - lkdolls.handmade@gmail.com<\/p><p>\u00a0 \u00a0Best wishes, Ligita Kranauskien\u0117<\/p>\t\t\t\t\t\t\t\t<\/div>\n\t\t\t\t<\/div>\n\t\t\t\t<div class=\"elementor-element elementor-element-977a045 elementor-widget elementor-widget-spacer\" data-id=\"977a045\" data-element_type=\"widget\" data-e-type=\"widget\" data-widget_type=\"spacer.default\">\n\t\t\t\t<div class=\"elementor-widget-container\">\n\t\t\t\t\t\t\t<div class=\"elementor-spacer\">\n\t\t\t<div class=\"elementor-spacer-inner\"><\/div>\n\t\t<\/div>\n\t\t\t\t\t\t<\/div>\n\t\t\t\t<\/div>\n\t\t\t\t<div class=\"elementor-element elementor-element-58e79add elementor-widget elementor-widget-image\" data-id=\"58e79add\" data-element_type=\"widget\" data-e-type=\"widget\" data-widget_type=\"image.default\">\n\t\t\t\t<div class=\"elementor-widget-container\">\n\t\t\t\t\t\t\t\t\t\t\t\t\t\t\t<img fetchpriority=\"high\" decoding=\"async\" width=\"2048\" height=\"1202\" src=\"https:\/\/lkdolls.lt\/wp-content\/uploads\/2022\/11\/37958643_524848444614460_3849018290445746176_n.jpg\" class=\"attachment-full size-full wp-image-299\" alt=\"\" srcset=\"https:\/\/lkdolls.lt\/wp-content\/uploads\/2022\/11\/37958643_524848444614460_3849018290445746176_n.jpg 2048w, https:\/\/lkdolls.lt\/wp-content\/uploads\/2022\/11\/37958643_524848444614460_3849018290445746176_n-600x352.jpg 600w, https:\/\/lkdolls.lt\/wp-content\/uploads\/2022\/11\/37958643_524848444614460_3849018290445746176_n-300x176.jpg 300w, https:\/\/lkdolls.lt\/wp-content\/uploads\/2022\/11\/37958643_524848444614460_3849018290445746176_n-1024x601.jpg 1024w, https:\/\/lkdolls.lt\/wp-content\/uploads\/2022\/11\/37958643_524848444614460_3849018290445746176_n-768x451.jpg 768w, https:\/\/lkdolls.lt\/wp-content\/uploads\/2022\/11\/37958643_524848444614460_3849018290445746176_n-1536x902.jpg 1536w\" sizes=\"(max-width: 2048px) 100vw, 2048px\" \/>\t\t\t\t\t\t\t\t\t\t\t\t\t\t\t<\/div>\n\t\t\t\t<\/div>\n\t\t\t\t<div class=\"elementor-element elementor-element-d59a274 elementor-widget elementor-widget-image\" data-id=\"d59a274\" data-element_type=\"widget\" data-e-type=\"widget\" data-widget_type=\"image.default\">\n\t\t\t\t<div class=\"elementor-widget-container\">\n\t\t\t\t\t\t\t\t\t\t\t\t\t\t\t<img decoding=\"async\" width=\"800\" height=\"798\" src=\"https:\/\/lkdolls.lt\/wp-content\/uploads\/2022\/12\/trys-ranku-darbo-leles.jpg\" class=\"attachment-large size-large wp-image-3338\" alt=\"ro\u017eini\u0173 ir pilk\u0173 atspalvi\u0173 l\u0117l\u0117s\" srcset=\"https:\/\/lkdolls.lt\/wp-content\/uploads\/2022\/12\/trys-ranku-darbo-leles.jpg 800w, https:\/\/lkdolls.lt\/wp-content\/uploads\/2022\/12\/trys-ranku-darbo-leles-300x300.jpg 300w, https:\/\/lkdolls.lt\/wp-content\/uploads\/2022\/12\/trys-ranku-darbo-leles-150x150.jpg 150w, https:\/\/lkdolls.lt\/wp-content\/uploads\/2022\/12\/trys-ranku-darbo-leles-768x766.jpg 768w, https:\/\/lkdolls.lt\/wp-content\/uploads\/2022\/12\/trys-ranku-darbo-leles-12x12.jpg 12w, https:\/\/lkdolls.lt\/wp-content\/uploads\/2022\/12\/trys-ranku-darbo-leles-600x599.jpg 600w, https:\/\/lkdolls.lt\/wp-content\/uploads\/2022\/12\/trys-ranku-darbo-leles-100x100.jpg 100w\" sizes=\"(max-width: 800px) 100vw, 800px\" \/>\t\t\t\t\t\t\t\t\t\t\t\t\t\t\t<\/div>\n\t\t\t\t<\/div>\n\t\t\t\t\t<\/div>\n\t\t<\/div>\n\t\t\t\t<div class=\"elementor-column elementor-col-50 elementor-top-column elementor-element elementor-element-1dbe8cf\" data-id=\"1dbe8cf\" data-element_type=\"column\" data-e-type=\"column\">\n\t\t\t<div class=\"elementor-widget-wrap elementor-element-populated\">\n\t\t\t\t\t\t<div class=\"elementor-element elementor-element-7dc33a1 elementor-widget elementor-widget-image\" data-id=\"7dc33a1\" data-element_type=\"widget\" data-e-type=\"widget\" data-widget_type=\"image.default\">\n\t\t\t\t<div class=\"elementor-widget-container\">\n\t\t\t\t\t\t\t\t\t\t\t\t\t\t\t<img decoding=\"async\" width=\"462\" height=\"619\" src=\"https:\/\/lkdolls.lt\/wp-content\/uploads\/2022\/12\/ranku-darbo-lele-su-meskuciu-1.jpg\" class=\"attachment-large size-large wp-image-3558\" alt=\"\" srcset=\"https:\/\/lkdolls.lt\/wp-content\/uploads\/2022\/12\/ranku-darbo-lele-su-meskuciu-1.jpg 462w, https:\/\/lkdolls.lt\/wp-content\/uploads\/2022\/12\/ranku-darbo-lele-su-meskuciu-1-224x300.jpg 224w, https:\/\/lkdolls.lt\/wp-content\/uploads\/2022\/12\/ranku-darbo-lele-su-meskuciu-1-9x12.jpg 9w\" sizes=\"(max-width: 462px) 100vw, 462px\" \/>\t\t\t\t\t\t\t\t\t\t\t\t\t\t\t<\/div>\n\t\t\t\t<\/div>\n\t\t\t\t<div class=\"elementor-element elementor-element-2a23cf7 elementor-invisible elementor-widget elementor-widget-heading\" data-id=\"2a23cf7\" data-element_type=\"widget\" data-e-type=\"widget\" data-settings=\"{&quot;_animation&quot;:&quot;fadeInDown&quot;}\" data-widget_type=\"heading.default\">\n\t\t\t\t<div class=\"elementor-widget-container\">\n\t\t\t\t\t<div class=\"elementor-heading-title elementor-size-default\">About dolls<\/div>\t\t\t\t<\/div>\n\t\t\t\t<\/div>\n\t\t\t\t<div class=\"elementor-element elementor-element-216dd8d elementor-widget elementor-widget-text-editor\" data-id=\"216dd8d\" data-element_type=\"widget\" data-e-type=\"widget\" data-widget_type=\"text-editor.default\">\n\t\t\t\t<div class=\"elementor-widget-container\">\n\t\t\t\t\t\t\t\t\t<p>\u00a0 \u00a0I get this question a lot - why my dolls don\u2019t have a nose or mouth?<\/p><p>\u00a0 \u00a0These interior dolls\u2019 faces exhibit a unique feature - rosy cheeks with little black dots for the eyes. \n  It\u2019s easy to recognize and remember them: they differ from other dolls. Two black dots and pink cheeks became somewhat of a signature look.   \n  There\u2019s a meaning from a philosophical point of view, why the doll doesn't have a mouth: that way she doesn't project any emotion of her own, and so is able to accept the mood of her owner. The dollie will always mirror the mood of the owner! So always let your kid to express their emotions, whatever it might be.\n   Sometimes kids draw lips on their dolls, and mothers get upset because they assume that the doll is ruined. But it\u2019s not true! Your kid cannot ruin my dolls - they can only improve them, because your kid is unique and welcome to express themselves. Let your little girl draw on the doll\u2019s face. That way, the doll will be even more beautiful, more wonderful and only one of a kind.<\/p><p>\u00a0<\/p>\t\t\t\t\t\t\t\t<\/div>\n\t\t\t\t<\/div>\n\t\t\t\t\t<\/div>\n\t\t<\/div>\n\t\t\t\t\t<\/div>\n\t\t<\/section>\n\t\t\t\t<section class=\"elementor-section elementor-top-section elementor-element elementor-element-ce87c13 elementor-section-boxed elementor-section-height-default elementor-section-height-default\" data-id=\"ce87c13\" data-element_type=\"section\" data-e-type=\"section\" data-settings=\"{&quot;background_background&quot;:&quot;classic&quot;}\">\n\t\t\t\t\t\t<div class=\"elementor-container elementor-column-gap-wider\">\n\t\t\t\t\t<div class=\"elementor-column elementor-col-33 elementor-top-column elementor-element elementor-element-6f639a28\" data-id=\"6f639a28\" data-element_type=\"column\" data-e-type=\"column\">\n\t\t\t<div class=\"elementor-widget-wrap elementor-element-populated\">\n\t\t\t\t\t\t<div class=\"elementor-element elementor-element-6d234e88 elementor-invisible elementor-widget elementor-widget-heading\" data-id=\"6d234e88\" data-element_type=\"widget\" data-e-type=\"widget\" data-settings=\"{&quot;_animation&quot;:&quot;fadeInDown&quot;}\" data-widget_type=\"heading.default\">\n\t\t\t\t<div class=\"elementor-widget-container\">\n\t\t\t\t\t<div class=\"elementor-heading-title elementor-size-default\">apie LKdolls<\/div>\t\t\t\t<\/div>\n\t\t\t\t<\/div>\n\t\t\t\t<section class=\"elementor-section elementor-inner-section elementor-element elementor-element-7a187540 elementor-section-boxed elementor-section-height-default elementor-section-height-default\" data-id=\"7a187540\" data-element_type=\"section\" data-e-type=\"section\">\n\t\t\t\t\t\t<div class=\"elementor-container elementor-column-gap-default\">\n\t\t\t\t\t<div class=\"elementor-column elementor-col-33 elementor-inner-column elementor-element elementor-element-7944c503\" data-id=\"7944c503\" data-element_type=\"column\" data-e-type=\"column\">\n\t\t\t<div class=\"elementor-widget-wrap elementor-element-populated\">\n\t\t\t\t\t\t<div class=\"elementor-element elementor-element-a64b307 elementor-view-stacked elementor-position-inline-start elementor-shape-circle elementor-mobile-position-block-start elementor-widget elementor-widget-icon-box\" data-id=\"a64b307\" data-element_type=\"widget\" data-e-type=\"widget\" data-widget_type=\"icon-box.default\">\n\t\t\t\t<div class=\"elementor-widget-container\">\n\t\t\t\t\t\t\t<div class=\"elementor-icon-box-wrapper\">\n\n\t\t\t\t\t\t<div class=\"elementor-icon-box-icon\">\n\t\t\t\t<span  class=\"elementor-icon elementor-animation-shrink\">\n\t\t\t\t<i aria-hidden=\"true\" class=\"far fa-star\"><\/i>\t\t\t\t<\/span>\n\t\t\t<\/div>\n\t\t\t\n\t\t\t\n\t\t<\/div>\n\t\t\t\t\t\t<\/div>\n\t\t\t\t<\/div>\n\t\t\t\t\t<\/div>\n\t\t<\/div>\n\t\t\t\t<div class=\"elementor-column elementor-col-33 elementor-inner-column elementor-element elementor-element-5ccf2a64\" data-id=\"5ccf2a64\" data-element_type=\"column\" data-e-type=\"column\">\n\t\t\t<div class=\"elementor-widget-wrap elementor-element-populated\">\n\t\t\t\t\t\t<div class=\"elementor-element elementor-element-2e465e34 elementor-widget__width-auto elementor-widget elementor-widget-counter\" data-id=\"2e465e34\" data-element_type=\"widget\" data-e-type=\"widget\" data-widget_type=\"counter.default\">\n\t\t\t\t<div class=\"elementor-widget-container\">\n\t\t\t\t\t\t\t<div class=\"elementor-counter\">\n\t\t\t\t\t\t<div class=\"elementor-counter-number-wrapper\">\n\t\t\t\t<span class=\"elementor-counter-number-prefix\"><\/span>\n\t\t\t\t<span class=\"elementor-counter-number\" data-duration=\"2000\" data-to-value=\"7\" data-from-value=\"0\" data-delimiter=\",\">0<\/span>\n\t\t\t\t<span class=\"elementor-counter-number-suffix\">+<\/span>\n\t\t\t<\/div>\n\t\t<\/div>\n\t\t\t\t\t\t<\/div>\n\t\t\t\t<\/div>\n\t\t\t\t\t<\/div>\n\t\t<\/div>\n\t\t\t\t<div class=\"elementor-column elementor-col-33 elementor-inner-column elementor-element elementor-element-77313dee\" data-id=\"77313dee\" data-element_type=\"column\" data-e-type=\"column\">\n\t\t\t<div class=\"elementor-widget-wrap elementor-element-populated\">\n\t\t\t\t\t\t<div class=\"elementor-element elementor-element-6ec814b7 elementor-widget__width-auto elementor-widget elementor-widget-heading\" data-id=\"6ec814b7\" data-element_type=\"widget\" data-e-type=\"widget\" data-widget_type=\"heading.default\">\n\t\t\t\t<div class=\"elementor-widget-container\">\n\t\t\t\t\t<h5 class=\"elementor-heading-title elementor-size-default\">Experience<\/h5>\t\t\t\t<\/div>\n\t\t\t\t<\/div>\n\t\t\t\t<div class=\"elementor-element elementor-element-52b8247e elementor-widget elementor-widget-text-editor\" data-id=\"52b8247e\" data-element_type=\"widget\" data-e-type=\"widget\" data-widget_type=\"text-editor.default\">\n\t\t\t\t<div class=\"elementor-widget-container\">\n\t\t\t\t\t\t\t\t\t<p>I started creating handmade collections in 2017.<\/p>\t\t\t\t\t\t\t\t<\/div>\n\t\t\t\t<\/div>\n\t\t\t\t\t<\/div>\n\t\t<\/div>\n\t\t\t\t\t<\/div>\n\t\t<\/section>\n\t\t\t\t<section class=\"elementor-section elementor-inner-section elementor-element elementor-element-26fd2404 elementor-section-boxed elementor-section-height-default elementor-section-height-default\" data-id=\"26fd2404\" data-element_type=\"section\" data-e-type=\"section\">\n\t\t\t\t\t\t<div class=\"elementor-container elementor-column-gap-default\">\n\t\t\t\t\t<div class=\"elementor-column elementor-col-33 elementor-inner-column elementor-element elementor-element-6f6223f4\" data-id=\"6f6223f4\" data-element_type=\"column\" data-e-type=\"column\">\n\t\t\t<div class=\"elementor-widget-wrap elementor-element-populated\">\n\t\t\t\t\t\t<div class=\"elementor-element elementor-element-2c62438 elementor-view-stacked elementor-position-inline-start elementor-shape-circle elementor-mobile-position-block-start elementor-widget elementor-widget-icon-box\" data-id=\"2c62438\" data-element_type=\"widget\" data-e-type=\"widget\" data-widget_type=\"icon-box.default\">\n\t\t\t\t<div class=\"elementor-widget-container\">\n\t\t\t\t\t\t\t<div class=\"elementor-icon-box-wrapper\">\n\n\t\t\t\t\t\t<div class=\"elementor-icon-box-icon\">\n\t\t\t\t<span  class=\"elementor-icon elementor-animation-shrink\">\n\t\t\t\t<i aria-hidden=\"true\" class=\"far fa-lightbulb\"><\/i>\t\t\t\t<\/span>\n\t\t\t<\/div>\n\t\t\t\n\t\t\t\n\t\t<\/div>\n\t\t\t\t\t\t<\/div>\n\t\t\t\t<\/div>\n\t\t\t\t\t<\/div>\n\t\t<\/div>\n\t\t\t\t<div class=\"elementor-column elementor-col-33 elementor-inner-column elementor-element elementor-element-6de2a83a\" data-id=\"6de2a83a\" data-element_type=\"column\" data-e-type=\"column\">\n\t\t\t<div class=\"elementor-widget-wrap elementor-element-populated\">\n\t\t\t\t\t\t<div class=\"elementor-element elementor-element-44784de1 elementor-widget__width-auto elementor-widget elementor-widget-counter\" data-id=\"44784de1\" data-element_type=\"widget\" data-e-type=\"widget\" data-widget_type=\"counter.default\">\n\t\t\t\t<div class=\"elementor-widget-container\">\n\t\t\t\t\t\t\t<div class=\"elementor-counter\">\n\t\t\t\t\t\t<div class=\"elementor-counter-number-wrapper\">\n\t\t\t\t<span class=\"elementor-counter-number-prefix\">50<\/span>\n\t\t\t\t<span class=\"elementor-counter-number\" data-duration=\"2000\" data-to-value=\"1\" data-from-value=\"0\" data-delimiter=\",\">0<\/span>\n\t\t\t\t<span class=\"elementor-counter-number-suffix\">+<\/span>\n\t\t\t<\/div>\n\t\t<\/div>\n\t\t\t\t\t\t<\/div>\n\t\t\t\t<\/div>\n\t\t\t\t\t<\/div>\n\t\t<\/div>\n\t\t\t\t<div class=\"elementor-column elementor-col-33 elementor-inner-column elementor-element elementor-element-32308d2d\" data-id=\"32308d2d\" data-element_type=\"column\" data-e-type=\"column\">\n\t\t\t<div class=\"elementor-widget-wrap elementor-element-populated\">\n\t\t\t\t\t\t<div class=\"elementor-element elementor-element-2119c29a elementor-widget__width-auto elementor-widget elementor-widget-heading\" data-id=\"2119c29a\" data-element_type=\"widget\" data-e-type=\"widget\" data-widget_type=\"heading.default\">\n\t\t\t\t<div class=\"elementor-widget-container\">\n\t\t\t\t\t<h5 class=\"elementor-heading-title elementor-size-default\">Happy customers<\/h5>\t\t\t\t<\/div>\n\t\t\t\t<\/div>\n\t\t\t\t<div class=\"elementor-element elementor-element-2a8089a elementor-widget elementor-widget-text-editor\" data-id=\"2a8089a\" data-element_type=\"widget\" data-e-type=\"widget\" data-widget_type=\"text-editor.default\">\n\t\t\t\t<div class=\"elementor-widget-container\">\n\t\t\t\t\t\t\t\t\t<p>I am so grateful and blessed to have such amazing clients all over the world.<\/p><p>Best wishes to all of you wonderful people!<\/p>\t\t\t\t\t\t\t\t<\/div>\n\t\t\t\t<\/div>\n\t\t\t\t\t<\/div>\n\t\t<\/div>\n\t\t\t\t\t<\/div>\n\t\t<\/section>\n\t\t\t\t\t<\/div>\n\t\t<\/div>\n\t\t\t\t<div class=\"elementor-column elementor-col-33 elementor-top-column elementor-element elementor-element-571a4c8\" data-id=\"571a4c8\" data-element_type=\"column\" data-e-type=\"column\">\n\t\t\t<div class=\"elementor-widget-wrap\">\n\t\t\t\t\t\t\t<\/div>\n\t\t<\/div>\n\t\t\t\t<div class=\"elementor-column elementor-col-33 elementor-top-column elementor-element elementor-element-148a3992\" data-id=\"148a3992\" data-element_type=\"column\" data-e-type=\"column\">\n\t\t\t<div class=\"elementor-widget-wrap elementor-element-populated\">\n\t\t\t\t\t\t<div class=\"elementor-element elementor-element-2f1c6c57 elementor-widget elementor-widget-image\" data-id=\"2f1c6c57\" data-element_type=\"widget\" data-e-type=\"widget\" data-widget_type=\"image.default\">\n\t\t\t\t<div class=\"elementor-widget-container\">\n\t\t\t\t\t\t\t\t\t\t\t\t\t\t\t<img loading=\"lazy\" decoding=\"async\" width=\"462\" height=\"617\" src=\"https:\/\/lkdolls.lt\/wp-content\/uploads\/2022\/12\/ranku-darbo-leles-3.jpg\" class=\"attachment-full size-full wp-image-3335\" alt=\"l\u0117l\u0117s su guv\u016bnais\" srcset=\"https:\/\/lkdolls.lt\/wp-content\/uploads\/2022\/12\/ranku-darbo-leles-3.jpg 462w, https:\/\/lkdolls.lt\/wp-content\/uploads\/2022\/12\/ranku-darbo-leles-3-225x300.jpg 225w, https:\/\/lkdolls.lt\/wp-content\/uploads\/2022\/12\/ranku-darbo-leles-3-9x12.jpg 9w\" sizes=\"(max-width: 462px) 100vw, 462px\" \/>\t\t\t\t\t\t\t\t\t\t\t\t\t\t\t<\/div>\n\t\t\t\t<\/div>\n\t\t\t\t\t<\/div>\n\t\t<\/div>\n\t\t\t\t\t<\/div>\n\t\t<\/section>\n\t\t\t\t<\/div>","protected":false},"excerpt":{"rendered":"<p>APIE apie lkdolls \u00a0 \u00a0 \u00a0A\u0161 esu Ligita Kranauskien\u0117, k\u016br\u0117ja i\u0161 nuostabios \u0161alies Lietuvos. \u00a0 \u00a0Mano viso gyvenimo aistra ir varomoji j\u0117ga yra \u012fvairi k\u016bryba. Nuo maisto &#8211; auginu ekologi\u0161kas dar\u017eoves (pats nuostabiausias ir skaniausias maistas pasaulyje!) &#8211; iki l\u0117li\u0173 ir kit\u0173 men\u0173 bei amat\u0173 k\u016brimo. Prie\u0161 penkerius metus suk\u016briau LKdolls prekin\u012f \u017eenkl\u0105 facebook socialiniame &hellip;<\/p>\n<p class=\"read-more\"> <a class=\"\" href=\"https:\/\/lkdolls.lt\/en\/about-us\/\"> <span class=\"screen-reader-text\">About us<\/span> Read More &raquo;<\/a><\/p>","protected":false},"author":1,"featured_media":0,"parent":0,"menu_order":0,"comment_status":"closed","ping_status":"closed","template":"","meta":{"site-sidebar-layout":"no-sidebar","site-content-layout":"page-builder","ast-global-header-display":"","ast-main-header-display":"","ast-hfb-above-header-display":"","ast-hfb-below-header-display":"","ast-hfb-mobile-header-display":"","site-post-title":"disabled","ast-breadcrumbs-content":"","ast-featured-img":"disabled","footer-sml-layout":"","theme-transparent-header-meta":"","adv-header-id-meta":"","stick-header-meta":"","header-above-stick-meta":"","header-main-stick-meta":"","header-below-stick-meta":"","footnotes":""},"class_list":["post-14","page","type-page","status-publish","hentry"],"_links":{"self":[{"href":"https:\/\/lkdolls.lt\/en\/wp-json\/wp\/v2\/pages\/14","targetHints":{"allow":["GET"]}}],"collection":[{"href":"https:\/\/lkdolls.lt\/en\/wp-json\/wp\/v2\/pages"}],"about":[{"href":"https:\/\/lkdolls.lt\/en\/wp-json\/wp\/v2\/types\/page"}],"author":[{"embeddable":true,"href":"https:\/\/lkdolls.lt\/en\/wp-json\/wp\/v2\/users\/1"}],"replies":[{"embeddable":true,"href":"https:\/\/lkdolls.lt\/en\/wp-json\/wp\/v2\/comments?post=14"}],"version-history":[{"count":85,"href":"https:\/\/lkdolls.lt\/en\/wp-json\/wp\/v2\/pages\/14\/revisions"}],"predecessor-version":[{"id":3796,"href":"https:\/\/lkdolls.lt\/en\/wp-json\/wp\/v2\/pages\/14\/revisions\/3796"}],"wp:attachment":[{"href":"https:\/\/lkdolls.lt\/en\/wp-json\/wp\/v2\/media?parent=14"}],"curies":[{"name":"wp","href":"https:\/\/api.w.org\/{rel}","templated":true}]}}