{"id":1956,"date":"2022-12-03T23:33:25","date_gmt":"2022-12-03T23:33:25","guid":{"rendered":"http:\/\/lkdolls.lt\/?page_id=1956"},"modified":"2023-05-30T15:58:17","modified_gmt":"2023-05-30T15:58:17","slug":"refund-policy","status":"publish","type":"page","link":"https:\/\/lkdolls.lt\/en\/refund-policy\/","title":{"rendered":"Refund policy"},"content":{"rendered":"<div data-elementor-type=\"wp-page\" data-elementor-id=\"1956\" class=\"elementor elementor-1956\">\n\t\t\t\t\t\t<section class=\"elementor-section elementor-top-section elementor-element elementor-element-46fa3f7 elementor-section-height-min-height elementor-section-items-stretch elementor-section-boxed elementor-section-height-default\" data-id=\"46fa3f7\" data-element_type=\"section\" data-e-type=\"section\" data-settings=\"{&quot;background_background&quot;:&quot;classic&quot;}\">\n\t\t\t\t\t\t\t<div class=\"elementor-background-overlay\"><\/div>\n\t\t\t\t\t\t\t<div class=\"elementor-container elementor-column-gap-wider\">\n\t\t\t\t\t<div class=\"elementor-column elementor-col-100 elementor-top-column elementor-element elementor-element-8f4ba0d\" data-id=\"8f4ba0d\" data-element_type=\"column\" data-e-type=\"column\">\n\t\t\t<div class=\"elementor-widget-wrap elementor-element-populated\">\n\t\t\t\t\t\t<div class=\"elementor-element elementor-element-e97eaa4 elementor-widget elementor-widget-text-editor\" data-id=\"e97eaa4\" data-element_type=\"widget\" data-e-type=\"widget\" data-widget_type=\"text-editor.default\">\n\t\t\t\t<div class=\"elementor-widget-container\">\n\t\t\t\t\t\t\t\t\t<h1 style=\"font-size: 2.66667rem; font-style: normal;\">Return<\/h1>\t\t\t\t\t\t\t\t<\/div>\n\t\t\t\t<\/div>\n\t\t\t\t\t<\/div>\n\t\t<\/div>\n\t\t\t\t\t<\/div>\n\t\t<\/section>\n\t\t\t\t<section class=\"elementor-section elementor-top-section elementor-element elementor-element-963314e elementor-section-boxed elementor-section-height-default elementor-section-height-default\" data-id=\"963314e\" data-element_type=\"section\" data-e-type=\"section\">\n\t\t\t\t\t\t<div class=\"elementor-container elementor-column-gap-default\">\n\t\t\t\t\t<div class=\"elementor-column elementor-col-100 elementor-top-column elementor-element elementor-element-3494cb7\" data-id=\"3494cb7\" data-element_type=\"column\" data-e-type=\"column\">\n\t\t\t<div class=\"elementor-widget-wrap elementor-element-populated\">\n\t\t\t\t\t\t<div class=\"elementor-element elementor-element-3cc139f elementor-widget elementor-widget-spacer\" data-id=\"3cc139f\" data-element_type=\"widget\" data-e-type=\"widget\" data-widget_type=\"spacer.default\">\n\t\t\t\t<div class=\"elementor-widget-container\">\n\t\t\t\t\t\t\t<div class=\"elementor-spacer\">\n\t\t\t<div class=\"elementor-spacer-inner\"><\/div>\n\t\t<\/div>\n\t\t\t\t\t\t<\/div>\n\t\t\t\t<\/div>\n\t\t\t\t<div class=\"elementor-element elementor-element-8470414 elementor-widget elementor-widget-text-editor\" data-id=\"8470414\" data-element_type=\"widget\" data-e-type=\"widget\" data-widget_type=\"text-editor.default\">\n\t\t\t\t<div class=\"elementor-widget-container\">\n\t\t\t\t\t\t\t\t\t<p>We hope you enjoy what you ordered! But if you're not 100% satisfied, we've made the return process super easy.\u00a0<\/p><p>Thank you for shopping at LKdolls\u00ae.<\/p><p>Pirkinius, \u012fsigytus internetu per LKdolls\u00ae, galima gr\u0105\u017einti per 14 dien\u0173 nuo pristatymo datos.<\/p><p>Return shipping costs are paid by the customer.<\/p><p>All returned goods must be returned unworn, undamaged, unwashed and with all original tags, in the original packaging. Otherwise, the buyer is responsible for all taxes incurred and no refunds will be issued.<\/p><p>We do not accept returns on items that have been shipped directly without prior notification. Any addresses on the package are not confirmed as a return address. Packages returned without a return address approved by customer service representatives will not be refunded. Shipping costs for return packages are non-refundable.<\/p><p>You can easily return, exchange or exchange for a refund within 14 days of delivery. You ship the return at your own expense  and the item must be in its original condition and packaging to be accepted.<\/p><p>Note: Original shipping fee is non-refundable.<\/p><p>To initiate a return request, you can contact our customer service team at: lkdolls.handmade@gmail.com<\/p><p>Return process:<\/p><p>Step 1: To submit a return request, email our customer service representatives at email lkdolls.handmade@gmail.com<\/p><p>Step 2: After receiving your email return request letter, our customer service representatives will email you return instructions. by post Please follow the instructions to complete the return process.<\/p><p>Step 3: You will receive your refund within a week of receiving your package. Once we have processed your refund, we will send you an email. a letter.<\/p><p>Cancellation Policy<\/p><p>We accept order cancellations before the product has been shipped or manufactured. If the order is confirmed to be cancelled, you will receive a full refund. We process returns within 7 days.<\/p><p>We do not accept an order cancellation request once the product has been shipped.<\/p><p>Number of days it takes to process a refund after the refund has been accepted: 7 days.<\/p><p>Below is the situation where the refund will be issued:<\/p><p>Exchange: 10 days from the date of delivery, in new condition with no obvious wear. If the return is not covered by our warranty due to manufacturing defects and the return is not due to our defect, the return is the responsibility of the buyer.<\/p><p>If for any reason you are not satisfied with the order you received, please contact us.<\/p><p>In order to solve the problem as soon as possible, please attach a photo showing the defective or damaged area of \u200b\u200bthe product. The best view is on a flat surface where labels and errors are clearly visible.<\/p><p>We will use this information to help you complete your order and avoid mistakes in the future.<\/p>\t\t\t\t\t\t\t\t<\/div>\n\t\t\t\t<\/div>\n\t\t\t\t\t<\/div>\n\t\t<\/div>\n\t\t\t\t\t<\/div>\n\t\t<\/section>\n\t\t\t\t<section class=\"elementor-section elementor-top-section elementor-element elementor-element-65e8c82 elementor-section-boxed elementor-section-height-default elementor-section-height-default\" data-id=\"65e8c82\" data-element_type=\"section\" data-e-type=\"section\">\n\t\t\t\t\t\t<div class=\"elementor-container elementor-column-gap-default\">\n\t\t\t\t\t<div class=\"elementor-column elementor-col-100 elementor-top-column elementor-element elementor-element-29c07a0\" data-id=\"29c07a0\" data-element_type=\"column\" data-e-type=\"column\">\n\t\t\t<div class=\"elementor-widget-wrap elementor-element-populated\">\n\t\t\t\t\t\t\t<\/div>\n\t\t<\/div>\n\t\t\t\t\t<\/div>\n\t\t<\/section>\n\t\t\t\t<\/div>","protected":false},"excerpt":{"rendered":"<p>Gr\u0105\u017einimas Tikim\u0117s, kad jums patiks tai, k\u0105 u\u017esisak\u0117te! Bet jei nesate 100 % patenkinti, mes pasir\u016bpinome, kad gr\u0105\u017einimo procesas b\u016bt\u0173 itin paprastas.\u00a0 D\u0117kojame, kad apsipirkote LKdolls\u00ae. Pirkinius, \u012fsigytus internetu per LKdolls\u00ae, galima gr\u0105\u017einti per 14 dien\u0173 nuo pristatymo datos. Gr\u0105\u017einimo siuntimo i\u0161laidas apmoka pats klientas. Visos gr\u0105\u017einamos prek\u0117s turi b\u016bti gr\u0105\u017einamos ned\u0117v\u0117tos, nesugadintos, neskalbtos ir &hellip;<\/p>\n<p class=\"read-more\"> <a class=\"\" href=\"https:\/\/lkdolls.lt\/en\/refund-policy\/\"> <span class=\"screen-reader-text\">Refund policy<\/span> Read More &raquo;<\/a><\/p>","protected":false},"author":1,"featured_media":0,"parent":0,"menu_order":0,"comment_status":"closed","ping_status":"closed","template":"","meta":{"site-sidebar-layout":"no-sidebar","site-content-layout":"page-builder","ast-global-header-display":"","ast-main-header-display":"","ast-hfb-above-header-display":"","ast-hfb-below-header-display":"","ast-hfb-mobile-header-display":"","site-post-title":"disabled","ast-breadcrumbs-content":"","ast-featured-img":"disabled","footer-sml-layout":"","theme-transparent-header-meta":"","adv-header-id-meta":"","stick-header-meta":"","header-above-stick-meta":"","header-main-stick-meta":"","header-below-stick-meta":"","footnotes":""},"class_list":["post-1956","page","type-page","status-publish","hentry"],"_links":{"self":[{"href":"https:\/\/lkdolls.lt\/en\/wp-json\/wp\/v2\/pages\/1956","targetHints":{"allow":["GET"]}}],"collection":[{"href":"https:\/\/lkdolls.lt\/en\/wp-json\/wp\/v2\/pages"}],"about":[{"href":"https:\/\/lkdolls.lt\/en\/wp-json\/wp\/v2\/types\/page"}],"author":[{"embeddable":true,"href":"https:\/\/lkdolls.lt\/en\/wp-json\/wp\/v2\/users\/1"}],"replies":[{"embeddable":true,"href":"https:\/\/lkdolls.lt\/en\/wp-json\/wp\/v2\/comments?post=1956"}],"version-history":[{"count":52,"href":"https:\/\/lkdolls.lt\/en\/wp-json\/wp\/v2\/pages\/1956\/revisions"}],"predecessor-version":[{"id":3756,"href":"https:\/\/lkdolls.lt\/en\/wp-json\/wp\/v2\/pages\/1956\/revisions\/3756"}],"wp:attachment":[{"href":"https:\/\/lkdolls.lt\/en\/wp-json\/wp\/v2\/media?parent=1956"}],"curies":[{"name":"wp","href":"https:\/\/api.w.org\/{rel}","templated":true}]}}