{"id":1962,"date":"2022-12-03T23:40:00","date_gmt":"2022-12-03T23:40:00","guid":{"rendered":"http:\/\/lkdolls.lt\/?page_id=1962"},"modified":"2023-05-30T15:53:29","modified_gmt":"2023-05-30T15:53:29","slug":"shipping-policy","status":"publish","type":"page","link":"https:\/\/lkdolls.lt\/en\/shipping-policy\/","title":{"rendered":"Shipping policy"},"content":{"rendered":"<div data-elementor-type=\"wp-page\" data-elementor-id=\"1962\" class=\"elementor elementor-1962\">\n\t\t\t\t\t\t<section class=\"elementor-section elementor-top-section elementor-element elementor-element-a74a8d8 elementor-section-height-min-height elementor-section-items-stretch elementor-section-boxed elementor-section-height-default\" data-id=\"a74a8d8\" data-element_type=\"section\" data-e-type=\"section\" data-settings=\"{&quot;background_background&quot;:&quot;classic&quot;}\">\n\t\t\t\t\t\t\t<div class=\"elementor-background-overlay\"><\/div>\n\t\t\t\t\t\t\t<div class=\"elementor-container elementor-column-gap-wider\">\n\t\t\t\t\t<div class=\"elementor-column elementor-col-100 elementor-top-column elementor-element elementor-element-8a97eae\" data-id=\"8a97eae\" data-element_type=\"column\" data-e-type=\"column\">\n\t\t\t<div class=\"elementor-widget-wrap elementor-element-populated\">\n\t\t\t\t\t\t<div class=\"elementor-element elementor-element-95d9cd2 elementor-widget elementor-widget-text-editor\" data-id=\"95d9cd2\" data-element_type=\"widget\" data-e-type=\"widget\" data-widget_type=\"text-editor.default\">\n\t\t\t\t<div class=\"elementor-widget-container\">\n\t\t\t\t\t\t\t\t\t<h1 style=\"font-size: 2.66667rem; font-style: normal;\">Shipping<\/h1>\t\t\t\t\t\t\t\t<\/div>\n\t\t\t\t<\/div>\n\t\t\t\t\t<\/div>\n\t\t<\/div>\n\t\t\t\t\t<\/div>\n\t\t<\/section>\n\t\t\t\t<section class=\"elementor-section elementor-top-section elementor-element elementor-element-963314e elementor-section-boxed elementor-section-height-default elementor-section-height-default\" data-id=\"963314e\" data-element_type=\"section\" data-e-type=\"section\">\n\t\t\t\t\t\t<div class=\"elementor-container elementor-column-gap-default\">\n\t\t\t\t\t<div class=\"elementor-column elementor-col-100 elementor-top-column elementor-element elementor-element-3494cb7\" data-id=\"3494cb7\" data-element_type=\"column\" data-e-type=\"column\">\n\t\t\t<div class=\"elementor-widget-wrap elementor-element-populated\">\n\t\t\t\t\t\t<div class=\"elementor-element elementor-element-3cc139f elementor-widget elementor-widget-spacer\" data-id=\"3cc139f\" data-element_type=\"widget\" data-e-type=\"widget\" data-widget_type=\"spacer.default\">\n\t\t\t\t<div class=\"elementor-widget-container\">\n\t\t\t\t\t\t\t<div class=\"elementor-spacer\">\n\t\t\t<div class=\"elementor-spacer-inner\"><\/div>\n\t\t<\/div>\n\t\t\t\t\t\t<\/div>\n\t\t\t\t<\/div>\n\t\t\t\t<div class=\"elementor-element elementor-element-8470414 elementor-widget elementor-widget-text-editor\" data-id=\"8470414\" data-element_type=\"widget\" data-e-type=\"widget\" data-widget_type=\"text-editor.default\">\n\t\t\t\t<div class=\"elementor-widget-container\">\n\t\t\t\t\t\t\t\t\t<p>We offer free standard shipping on all orders worldwide.\u00a0<\/p><p>Delivery in Lithuania: 1-5 days.<\/p><p>Shipping to other countries depends on the country you select.<\/p><p>Sometimes there may be carrier delays beyond our control. LKdolls does not guarantee shipping or delivery times.<\/p><p>Order processing<\/p><p>Most of our orders are usually shipped within 1-2 business days (excluding weekends and holidays) of placing your order.<\/p><p>Delivery method<\/p><p>We currently are sending orders by Lithuanian Post.<br \/>Shipping method and carrier are determined by LKdolls based on order content and shipping address.<\/p><p>\u00a0<\/p>\t\t\t\t\t\t\t\t<\/div>\n\t\t\t\t<\/div>\n\t\t\t\t\t<\/div>\n\t\t<\/div>\n\t\t\t\t\t<\/div>\n\t\t<\/section>\n\t\t\t\t<section class=\"elementor-section elementor-top-section elementor-element elementor-element-65e8c82 elementor-section-boxed elementor-section-height-default elementor-section-height-default\" data-id=\"65e8c82\" data-element_type=\"section\" data-e-type=\"section\">\n\t\t\t\t\t\t<div class=\"elementor-container elementor-column-gap-default\">\n\t\t\t\t\t<div class=\"elementor-column elementor-col-100 elementor-top-column elementor-element elementor-element-29c07a0\" data-id=\"29c07a0\" data-element_type=\"column\" data-e-type=\"column\">\n\t\t\t<div class=\"elementor-widget-wrap elementor-element-populated\">\n\t\t\t\t\t\t\t<\/div>\n\t\t<\/div>\n\t\t\t\t\t<\/div>\n\t\t<\/section>\n\t\t\t\t<\/div>","protected":false},"excerpt":{"rendered":"<p>Pristatymas Visiems u\u017esakymams visame pasaulyje si\u016blome nemokam\u0105 standartin\u012f pristatym\u0105.\u00a0 Pristatymas Lietuvoje: 1-5 dienos. Pristatymas \u012f kitas \u0161alis priklauso nuo j\u016bs\u0173 pasirinktos \u0161alies. Kartais gali pasitaikyti ve\u017e\u0117jo v\u0117lavim\u0173, kurie nuo m\u016bs\u0173 nepriklauso. LKdolls negarantuoja siuntimo ar pristatymo termin\u0173. U\u017esakym\u0173 tvarkymas Dauguma m\u016bs\u0173 u\u017esakym\u0173, paprastai i\u0161siun\u010diami per 1-2 darbo dienas (i\u0161skyrus savaitgalius ir \u0161ventines dienas) nuo u\u017esakymo &hellip;<\/p>\n<p class=\"read-more\"> <a class=\"\" href=\"https:\/\/lkdolls.lt\/en\/shipping-policy\/\"> <span class=\"screen-reader-text\">Shipping policy<\/span> Read More &raquo;<\/a><\/p>","protected":false},"author":1,"featured_media":0,"parent":0,"menu_order":0,"comment_status":"closed","ping_status":"closed","template":"","meta":{"site-sidebar-layout":"no-sidebar","site-content-layout":"page-builder","ast-global-header-display":"","ast-main-header-display":"","ast-hfb-above-header-display":"","ast-hfb-below-header-display":"","ast-hfb-mobile-header-display":"","site-post-title":"disabled","ast-breadcrumbs-content":"","ast-featured-img":"disabled","footer-sml-layout":"","theme-transparent-header-meta":"","adv-header-id-meta":"","stick-header-meta":"","header-above-stick-meta":"","header-main-stick-meta":"","header-below-stick-meta":"","footnotes":""},"class_list":["post-1962","page","type-page","status-publish","hentry"],"_links":{"self":[{"href":"https:\/\/lkdolls.lt\/en\/wp-json\/wp\/v2\/pages\/1962","targetHints":{"allow":["GET"]}}],"collection":[{"href":"https:\/\/lkdolls.lt\/en\/wp-json\/wp\/v2\/pages"}],"about":[{"href":"https:\/\/lkdolls.lt\/en\/wp-json\/wp\/v2\/types\/page"}],"author":[{"embeddable":true,"href":"https:\/\/lkdolls.lt\/en\/wp-json\/wp\/v2\/users\/1"}],"replies":[{"embeddable":true,"href":"https:\/\/lkdolls.lt\/en\/wp-json\/wp\/v2\/comments?post=1962"}],"version-history":[{"count":28,"href":"https:\/\/lkdolls.lt\/en\/wp-json\/wp\/v2\/pages\/1962\/revisions"}],"predecessor-version":[{"id":3752,"href":"https:\/\/lkdolls.lt\/en\/wp-json\/wp\/v2\/pages\/1962\/revisions\/3752"}],"wp:attachment":[{"href":"https:\/\/lkdolls.lt\/en\/wp-json\/wp\/v2\/media?parent=1962"}],"curies":[{"name":"wp","href":"https:\/\/api.w.org\/{rel}","templated":true}]}}