{"id":482,"date":"2022-11-28T19:01:54","date_gmt":"2022-11-28T19:01:54","guid":{"rendered":"http:\/\/lkdolls.lt\/?page_id=482"},"modified":"2024-03-27T16:02:25","modified_gmt":"2024-03-27T16:02:25","slug":"privacy-policy","status":"publish","type":"page","link":"https:\/\/lkdolls.lt\/en\/privacy-policy\/","title":{"rendered":"Privacy policy"},"content":{"rendered":"<div data-elementor-type=\"wp-page\" data-elementor-id=\"482\" class=\"elementor elementor-482\">\n\t\t\t\t\t\t<section class=\"elementor-section elementor-top-section elementor-element elementor-element-a74a8d8 elementor-section-height-min-height elementor-section-items-stretch elementor-section-boxed elementor-section-height-default\" data-id=\"a74a8d8\" data-element_type=\"section\" data-e-type=\"section\" data-settings=\"{&quot;background_background&quot;:&quot;classic&quot;}\">\n\t\t\t\t\t\t\t<div class=\"elementor-background-overlay\"><\/div>\n\t\t\t\t\t\t\t<div class=\"elementor-container elementor-column-gap-wider\">\n\t\t\t\t\t<div class=\"elementor-column elementor-col-100 elementor-top-column elementor-element elementor-element-8a97eae\" data-id=\"8a97eae\" data-element_type=\"column\" data-e-type=\"column\">\n\t\t\t<div class=\"elementor-widget-wrap elementor-element-populated\">\n\t\t\t\t\t\t<div class=\"elementor-element elementor-element-4d22c12 elementor-widget elementor-widget-text-editor\" data-id=\"4d22c12\" data-element_type=\"widget\" data-e-type=\"widget\" data-widget_type=\"text-editor.default\">\n\t\t\t\t<div class=\"elementor-widget-container\">\n\t\t\t\t\t\t\t\t\t<h1 style=\"font-size: 2.66667rem; font-style: normal;\">Privacy Policy<\/h1>\t\t\t\t\t\t\t\t<\/div>\n\t\t\t\t<\/div>\n\t\t\t\t\t<\/div>\n\t\t<\/div>\n\t\t\t\t\t<\/div>\n\t\t<\/section>\n\t\t\t\t<section class=\"elementor-section elementor-top-section elementor-element elementor-element-963314e elementor-section-boxed elementor-section-height-default elementor-section-height-default\" data-id=\"963314e\" data-element_type=\"section\" data-e-type=\"section\">\n\t\t\t\t\t\t<div class=\"elementor-container elementor-column-gap-default\">\n\t\t\t\t\t<div class=\"elementor-column elementor-col-100 elementor-top-column elementor-element elementor-element-3494cb7\" data-id=\"3494cb7\" data-element_type=\"column\" data-e-type=\"column\">\n\t\t\t<div class=\"elementor-widget-wrap elementor-element-populated\">\n\t\t\t\t\t\t<div class=\"elementor-element elementor-element-8470414 elementor-widget elementor-widget-text-editor\" data-id=\"8470414\" data-element_type=\"widget\" data-e-type=\"widget\" data-widget_type=\"text-editor.default\">\n\t\t\t\t<div class=\"elementor-widget-container\">\n\t\t\t\t\t\t\t\t\t<p>\"LKdolls\" - individual activity code certificate: 1116763, tel. +370 641 610 53, e-mail e-mail lkdolls.handmade@gmail.com (hereinafter - \"e-store\" or \"store\") undertakes to protect and respect your privacy. Please read carefully to understand why and how we collect and use your data.<\/p>\n<p>When processing the personal data of Customers, we comply with the requirements of the European Union Data Protection Regulation 2016\/679, the Law on the Legal Protection of Personal Data of the Republic of Lithuania and other related legal acts, as well as the instructions of the controlling authorities.<\/p>\n<p>OUR ONLINE STORE COLLECTS THIS PERSONAL DATA<\/p>\n<p>1. The contact forms contain contact data that are necessary for the proper provision of services or the execution of the contract:<\/p>\n<p>Name and Surname: When placing an order and registering a customer account, you will be asked to enter your name and surname.<\/p>\n<p>Kliento bus pra\u0161oma \u012fvesti savo vard\u0105 ir pavard\u0119. \u0160ie duomenys reikalingi norint i\u0161si\u0173sti u\u017esakym\u0105, i\u0161ra\u0161yti pardavimo s\u0105skait\u0105 fakt\u016br\u0105 ir kad b\u016bt\u0173 galima i\u0161si\u0173sti u\u017esakym\u0105.&nbsp;s\u0105skait\u0105 fakt\u016br\u0105 ir palaikyti ry\u0161\u012f tarp Parduotuv\u0117s ir Kliento.&nbsp;Gyvenamosios vietos arba pristatymo adresas: tai informacija, kurios reikia u\u017esakymui apdoroti u\u017esakymo pristatymui ir pardavimo s\u0105skaitos fakt\u016bros i\u0161ra\u0161ymui.&nbsp;Telefono numeris: apie preki\u0173 i\u0161siuntim\u0105 Pirk\u0117jas informuojamas SMS \u017einute arba, jei reikia, Parduotuv\u0117 gali susisiekti su Pirk\u0117ju telefonu, kad patvirtint\u0173 u\u017esakym\u0105 arba atsiradus nenumatytoms aplinkyb\u0117ms, pvz.&nbsp;El. pa\u0161to adresas: Parduotuv\u0117 siun\u010dia u\u017esakymo patvirtinim\u0105 el. pa\u0161tu ir gali susisiekti su Pirk\u0117ju d\u0117l u\u017esakymo vykdymo eigos, kokyb\u0117s u\u017etikrinimo ar aptarnavimo po pardavimo. El. El. pa\u0161to adresas taip pat naudojamas paskyrai el. parduotuv\u0117s svetain\u0117je sukurti. Jei Klientas pageidauja gauti m\u016bs\u0173 naujienlai\u0161k\u012f, registruotu adresu bus siun\u010diami tiesiogin\u0117s rinkodaros pasi\u016blymai. Pardav\u0117jas taip pat gali naudoti Kliento el. pa\u0161to adres\u0105 apklausai, kuria siekiama \u012fvertinti Kliento pasitenkinim\u0105 LKdolls paslaugomis.<\/p>\n<p>2. Personal data used to process online orders at www.lkdolls.lt, i.e. i.e. contact details, such as name, address, e-mail mailing address and phone number, payment information and payment history, order information.<\/p>\n<p>3. Personal data related to the management of the customer account www.lkdolls.lt, i.e. i.e. contact details such as: first name, last name, address, phone number, account settings. 4. In case of purchase: purchase history, delivery information, payment history. The store will also process this personal data related to cookies, clicks and browsing history.<\/p>\n<p>4. personal data used for customer service, i.e. i.e. contact details, such as name and surname, address, e-mail email address and phone number, payment details and history, order information, delivery information, account number, call records.<\/p>\n<p>5. Personal data related to direct marketing, i.e. i.e. contact details such as name, address, e-mail email address, phone number and zip code, which products and offers the Customer clicked on, order history, website browsing habits and other items the Customer clicked on using our e-mail. in the store.<\/p>\n<p>6. Personal data related to participation in contests organized by the store, i.e. i.e.: contact details such as name, address, e-mail postal address and telephone number, or other information provided in the tender.<\/p>\n<p>7. Personal data related to the development and improvement of services and products offered by the store, i.e.<br>kontaktiniai duomenys, pavyzd\u017eiui, vardas ir pavard\u0117, el. pa\u0161to adresas, paskyros nustatymai. Apsipirkimas.&nbsp;Pirkimo atveju &#8211; u\u017esakym\u0173 istorija, pristatymo informacija, mok\u0117jimo istorija. Elektronin\u0117 parduotuv\u0117 taip pat tvarkys asmens duomenis, susijusius su slapukais, paspaudim\u0173 istorija ir nar\u0161ymo istorija.<\/p>\n<p>8. Personal data related to the fulfillment of the Seller's tax obligations, i.e. ie: order number, invoice number, name, address, postal address, transaction amount and transaction date.<\/p>\n<p>9. Data related to browsing the content of the e-shop website: information about interactions with individual<br>services, including system logs that indicate: the computer from which information was provided, such as: visit time and IP address, domain name, browser type, system type, website statistics, traffic to and from specific pages, etc.<\/p>\n<p>PURPOSE OF USER PERSONAL DATA COLLECTION AND BASIS OF PERSONAL DATA PROCESSING<\/p>\n<p>Online shopping and customer service<\/p>\n<p>1. When viewing the content of the Store's website, Customers are not required to provide personal data. When buying from<br>m\u016bs\u0173 el. parduotuv\u0117je neu\u017esiregistravus ar neprisijungus prie paskyros, \u012fgyvendinimo metu pateikti duomenys automati\u0161kai i\u0161trinami. Saugomi tik pardavimo dokumentai fiskaliniais tikslais arba kitais teisini\u0173 pretenzij\u0173 Pardav\u0117jui ar Klientui tikslais. Daugiau informacijos \u0161ia tema rasite skyriuje: &#8222;Laikotarpis, kur\u012f bus saugomi asmens duomenys&#8221;. Registracija klient\u0173 duomen\u0173 baz\u0117je yra savanori\u0161ka, o kliento duomenys saugomi siekiant palengvinti b\u016bsimus pirkimus m\u016bs\u0173 elektronin\u0117s prekybos svetain\u0117je.&nbsp;Kliento duomenys saugomi m\u016bs\u0173 elektronin\u0117je parduotuv\u0117je siekiant palengvinti kliento dalyvavim\u0105 m\u016bs\u0173 elektronin\u0117je parduotuv\u0117je.<\/p>\n<p>2. The administrator will use personal data to process orders placed on the website<br>www.lkdolls.lt to process customer orders and returns, as well as send notifications about delivery status or contact the customer in case of problems with product delivery. 3. The Seller will use the Customer's personal data to process payments and to examine complaints and warranty claims regarding products. The administrator will also manage data on customer satisfaction with the sales process.<\/p>\n<p>3. The Administrator will use the Customer's personal data for Customer-related inquiries, complaints, product warranty claims and technical questions submitted by e-mail. to manage by mail, phone or social networks. The Administrator can also contact the Customer if there is a problem with his order.<\/p>\n<p>4. The Administrator will process the Customer's personal data in accordance with the General Data Protection Regulation (hereinafter - GDPR) for direct marketing. The seller can send to the customers, including the e-mails specified by them. e-mail addresses, phone numbers, commercial information about the products and services provided by the Store, including webcasts, newsletters, if the customer agrees. The Seller will process the Customer's personal data to the extent specified above in accordance with the GDPR and the Customer's consent.<\/p>\n<p>Contests<\/p>\n<p>1. The Seller will process personal data when the Customer participates in contests organized by the Seller. Personal data will be used to enable the Seller to contact the entrants to identify and verify the age of the entrants, to contact the winners, to deliver the prize and to determine the method of delivery.<br>2. The Seller will process the Buyer's personal data as stated above in accordance with the GDPR and the Buyer's consent.<\/p>\n<p>Quality assurance of services<\/p>\n<p>1. The administrator can process personal data to improve the services provided and adapt the advertising, additional material or recommendations displayed on the Store's website so that they meet the wishes and interests of customers. For this purpose, the Administrator may take into account the personal data provided by the Client related to the use of a specific service, and other personal data related to that Client provided and processed by the Administrator. The Administrator will not analyze the Customer's data individually - all data used for these purposes will be anonymous. The Seller will perform an analysis that will allow the Customer to change the services used to make them more convenient for users: change the user interface to simplify the flow of information; will highlight the services that Clients mostly use through digital communication channels; will improve IT systems to increase the security of users and other site visitors. The analysis is also used to develop and continuously improve delivery logistics, forecast purchases, inventory and deliveries, forecast resources from a sustainability perspective, streamline the purchasing process and delivery planning, and improve the product range.<\/p>\n<p>2. The Store may also receive other information resulting from the general principles of Internet communications, such as the IP address, the number and source of the visit to the Store's website, and the time of the visit. content viewed, number and type of secondary pages accessed, links used or IP address.<\/p>\n<p>3. The Administrator will process the Client's personal data in accordance with the above-mentioned data in accordance with the GDPR and the Client's consent. the computer.<\/p>\n<p>Compliance with legal obligations<\/p>\n<p>1. The Administrator will use the Customer's personal data to comply with laws or regulations of authorities.<\/p>\n<p>2. The Administrator will process the Client's personal data in accordance with the GDPR, in accordance with the procedure indicated above, in order to be able to execute the contract and comply with the legal obligations of the Administrator.<\/p>\n<p>3. For the purpose of prevention of crimes and illegal use of data.<\/p>\n<p>4. The Administrator will use the Customer's personal data for the following purposes: loss prevention, identifying and preventing the use of online services without complying with rules and regulations, and will also be able to check such cases and prevent losses and fraud by analyzing customer behavior in the store.<\/p>\n<p>5. The data controller will process personal data in order to prevent misuse of our services and based on legitimate interest. Personal data is processed based on the consent expressed by the User in the aforementioned cases.<\/p>\n<p>6. The user's consent to process personal data is given by registration or any other procedure aimed at enabling the use of e-mail. store services, by checking the appropriate consent box in the form. In certain cases, without consent, it may be impossible to use the services we offer.<\/p>\n<p>7. The user can withdraw his consent to collect and process personal data provided by him at any time.<\/p>\n<p>PERIOD FOR WHICH WE KEEP PERSONAL DATA<\/p>\n<p>1. Personal data is processed in order to conclude or execute a contract and in fulfillment of the administrator's legal obligations. The data will be stored both during the period of validity of the contract and after its termination to the extent necessary:<\/p>\n<p>Customer service after sales (e.g. handling of complaints), any legal claims against the Seller or the Customer (no longer than 6 years from the date of conclusion of the contract),<\/p>\n<p>In order to fulfill the administrator's legal obligation (e.g. arising from tax or accounting regulations), for statistical and archiving work - according to the instructions of the controlling authorities.<\/p>\n<p>2. Personal data processed on the basis of a legitimate legal interest in accordance with the GDPR and will be processed until the data subject raises an objection, except in cases of legal requirements.<\/p>\n<p>3. Personal data processed based on the consent of the individual will be stored until revoked.<\/p>\n<p>USER RIGHTS RELATED TO THE COLLECTION AND PROCESSING OF PERSONAL DATA<\/p>\n<p>The user of the electronic store has the right to:<\/p>\n<p>1. Familiarize yourself with the data. The customer has the right to request information about what personal data is stored by the data controller, i.e. i.e. where and how personal data is collected and how it is processed.<\/p>\n<p>2. Receive personal data related to him. The customer has the right to receive a copy of the data in a structured, commonly used and legible format. This copy can be sent to the Customer. This provision applies only to personal data that have been submitted to the Administrator.<\/p>\n<p>3. Correction of data. The customer has the right to request the correction of incorrectly provided personal data, as well as the addition of incomplete data.<\/p>\n<p>4. Delete data. The Customer has the right to request the deletion of data processed by the Administrator at any time, except for the following cases:<\/p>\n<p>\u2013 when a process is underway with the Customer Service department or an outstanding order has not yet been sent or only partially sent,<\/p>\n<p>- non-payment of the order, regardless of the payment method,<\/p>\n<p>\u2013 when the Customer buys our e. in the store, personal data is stored for accounting purposes,<\/p>\n<p>- in order to implement or assert any legal claim for payment to the Administrator or the Client (no longer than 6 years from the date of termination).<\/p>\n<p>5. Object to direct marketing. The customer has the right not to agree that e-mail the store or a third party to which personal data is provided would process the Customer's personal data for direct marketing purposes or legitimate interests. A customer may opt out of receiving direct marketing materials:<\/p>\n<p>5.1. By following the instructions provided in each e-mail for newsletters,<br>5.2. By contacting the Administrator by e-mail by mail: lkdolls.handmade@gmail.com to object to data processing, taking into account the legitimate interests of the data controller.<br>5.3. The customer has the right not to consent to the processing of his data, taking into account the legitimate interest of the data controller. The Administrator will stop processing the Client's personal data, unless the Administrator is able to find a legal basis for this processing, which will prevail over the Client's interests or rights due to arising legal requirements.<\/p>\n<p>6. Regarding data limitation. The customer has the right to request that the data controller limit the processing of his personal data under the following conditions:<\/p>\n<p>If the Client does not agree with the processing of data, taking into account the legitimate interest of the Administrator, the Administrator will limit any processing of such data, after first checking whether such interest of the Client is legitimate; if the Customer reports the incorrectness of the personal data provided, in this case the Administrator will limit the processing of the data. data processing until the accuracy of the data is checked, if the data processing is illegal, the Customer may object to the deletion of personal data and request to limit the use of his personal data.<\/p>\n<p>TRANSFER OF PERSONAL DATA TO THIRD PARTIES<\/p>\n<p>When using some of the Store's services, it may be necessary to share the Customer's personal data with other entities. If this results in the transfer of personal data to another entity, the processing of personal data will be governed by the privacy policy of such entity. The store may share collected data with the following entities:<\/p>\n<p>For the purposes of electronic payments - with payment operators: by crediting UAB Paysera LT<\/p>\n<p>For parcel delivery purposes - with courier companies: UAB \"Omniva\", UAB \"Venipak\", AB Lietuvos pa\u0161tas.<\/p>\n<p>For companies providing marketing services, including Google Analytics and Google Ads provided by Google Ireland Ltd., Facebook Pixel by Facebook Ireland Ltd.<\/p>\n<p>In addition, the information provided by the customer may be submitted to competent authorities if required by applicable law.<\/p>\n<p>TECHNICAL MEASURES AND CUSTOMER OBLIGATIONS<\/p>\n<p>The data controller protects the data from malicious actions of third parties. We use all necessary security measures to ensure the security of customer data, servers, communication and website, including SSL encryption methods. Customers' electronic payments will be made using a secure and encrypted connection. Please note that e. the actions of the store may not be enough if the Customers themselves do not follow the safety rules. Each Customer should keep their store website login name and password in their store without disclosing this information to third parties. The e-store will not ask Buyers to provide any login information, except when this information is provided when logging in to a personal account. To prevent unauthorized persons from using your account, log out of your personal account after using it.<\/p>\n<p>USE OF QUALITIES<\/p>\n<p>Our website uses so-called cookies. These are small files that are stored on the client's access device (computer, smartphone, tablet, etc.) saved by the access browser used. Cookies help us improve the usability, efficiency and security of the website www.lkdolls.lt<\/p>\n<p>Slapuk\u0173 pagalba www.lkdolls.lt gali rinkti ir analizuoti atitinkamus statistinius duomenis apie naudotojo naudojim\u0105si svetaine. Tai daroma siekiant pagerinti jums teikiamus pasi\u016blymus. Tokius slapukus naudojame tik gav\u0119 ai\u0161k\u0173 naudotojo sutikim\u0105. Pirm\u0105 kart\u0105 apsilankius m\u016bs\u0173 svetain\u0117je, \u012fvesties lange bus paklausta, ar sutinkate, kad tokie slapukai b\u016bt\u0173 saugomi. \u010cia gal\u0117site pasirinkti slapuk\u0173 nustatymus. Taip pat gal\u0117site bet kuriuo metu at\u0161aukti savo sutikim\u0105, spustel\u0117j\u0119 pir\u0161t\u0173 atspaud\u0173 mygtuk\u0105, kad pakoreguotum\u0117te pasirinktus nustatymus. Teisinis pagrindas: Bendrojo duomen\u0173 apsaugos reglamento 6 straipsnio 1 dalies a punktas.<\/p>\n<p>PURPOSES FOR WHICH WE USE COOKIES<\/p>\n<p>\u2013 Adapting the content of the store's website in accordance with the wishes and rights of our customers; and individual website optimization.<\/p>\n<p>&#8211; Kiekvieno e.parduotuv\u0117s kliento buvimo vietos ir \u012frenginio nustatymas bei tinkamos svetain\u0117s rodymas ir pritaikymas individualiems poreikiams.<\/p>\n<p>- In order to remember the selected customer settings, the interface of each customer is customized personally, for example, the language or region from which the customer connects, the number of pages visited in our e-mail. store history so that we can recommend relevant content, font size, website appearance, etc.<\/p>\n<p>\u2013 To verify the authenticity of the customer, based on the customer's use of our e. store services and customer session to secure the customer session on our website, including: maintaining the customer session (after login) so that the customer does not have to leave the store and re-enter the login and password on separate pages of the store.<\/p>\n<p>the correct configuration of selected features of the store website, which allows our website to verify the authenticity of the browser session, optimize and increase the efficiency of the services provided by the store.<\/p>\n<p>As well as the processes necessary to ensure the website's functionality, including: adapting the website's content to optimize the use of e-mail. in the store according to customer wishes. Cookies help us recognize the basic parameters of the Customer's device and allow us to display the website properly, adapting it to the Customer's individual needs.<\/p>\n<p>We will also use cookies for analysis and research and to perform audience audits to create anonymous statistics that will help us understand how www.lkdolls.lt customers use e-mail. store website. This information will allow us to improve the structure and content of the website and to create anonymous statistics that will allow us to classify e-mail. store customers by customizing the website according to expected customer preferences.<\/p>\n<p>Cookies will allow us to ensure the security and reliability of the website and its data and content.<\/p>\n<p>The cookies on the electronic store client's device can later be used for marketing purposes in order to ensure the functionality of research companies or other multimedia program providers cooperating with www.lkdolls.lt.<\/p>\n<p>CUSTOMER RIGHTS RELATING TO COOKIE STORAGE AND SETTINGS<\/p>\n<p>Each customer can independently and at any time change the cookie settings, indicating the conditions of their storage and access to their device. The customer can change the settings using the internet browser settings. In particular, these settings can be changed so that by blocking the automatic handling of cookies in the web browser settings or in the browser settings, you will be notified every time cookies are saved on the Customer's device. You can find more detailed information about cookie management options and methods in the software settings. Each Customer can delete cookies at any time using the functions available in their Internet browser. Cookies Restricting the use of cookies may affect some functions of the Store.<\/p>\n<p>CONTACTS<\/p>\n<p>The Customer of the store can contact the Data Controller at any time and receive information about whether and how the Data Controller uses or intends to use his Personal Data; and information.<\/p>\t\t\t\t\t\t\t\t<\/div>\n\t\t\t\t<\/div>\n\t\t\t\t\t<\/div>\n\t\t<\/div>\n\t\t\t\t\t<\/div>\n\t\t<\/section>\n\t\t\t\t<section class=\"elementor-section elementor-top-section elementor-element elementor-element-65e8c82 elementor-section-boxed elementor-section-height-default elementor-section-height-default\" data-id=\"65e8c82\" data-element_type=\"section\" data-e-type=\"section\">\n\t\t\t\t\t\t<div class=\"elementor-container elementor-column-gap-default\">\n\t\t\t\t\t<div class=\"elementor-column elementor-col-100 elementor-top-column elementor-element elementor-element-29c07a0\" data-id=\"29c07a0\" data-element_type=\"column\" data-e-type=\"column\">\n\t\t\t<div class=\"elementor-widget-wrap elementor-element-populated\">\n\t\t\t\t\t\t\t<\/div>\n\t\t<\/div>\n\t\t\t\t\t<\/div>\n\t\t<\/section>\n\t\t\t\t<\/div>","protected":false},"excerpt":{"rendered":"<p>Privacy Policy &#8222;LKdolls&#8221;- individualios veiklos kodo pa\u017eym\u0117jimas: 1116763 , tel. +370 641 610 53, el. pa\u0161tas lkdolls.handmade@gmail.com (toliau &#8211; &#8222;el. parduotuv\u0117&#8221; arba &#8222;parduotuv\u0117&#8221;) \u012fsipareigoja saugoti ir gerbti J\u016bs\u0173 privatum\u0105. Atid\u017eiai perskaitykite, kad suprastum\u0117te, kod\u0117l ir kaip mes renkame ir naudojame j\u016bs\u0173 duomenis. Tvarkydami Klient\u0173 asmens duomenis, laikom\u0117s Europos S\u0105jungos duomen\u0173 apsaugos reglamento 2016\/679, Lietuvos Respublikos &hellip;<\/p>\n<p class=\"read-more\"> <a class=\"\" href=\"https:\/\/lkdolls.lt\/en\/privacy-policy\/\"> <span class=\"screen-reader-text\">Privacy policy<\/span> Read More &raquo;<\/a><\/p>","protected":false},"author":1,"featured_media":0,"parent":0,"menu_order":0,"comment_status":"closed","ping_status":"closed","template":"","meta":{"site-sidebar-layout":"no-sidebar","site-content-layout":"page-builder","ast-global-header-display":"","ast-main-header-display":"","ast-hfb-above-header-display":"","ast-hfb-below-header-display":"","ast-hfb-mobile-header-display":"","site-post-title":"disabled","ast-breadcrumbs-content":"","ast-featured-img":"disabled","footer-sml-layout":"","theme-transparent-header-meta":"","adv-header-id-meta":"","stick-header-meta":"","header-above-stick-meta":"","header-main-stick-meta":"","header-below-stick-meta":"","footnotes":""},"class_list":["post-482","page","type-page","status-publish","hentry"],"_links":{"self":[{"href":"https:\/\/lkdolls.lt\/en\/wp-json\/wp\/v2\/pages\/482","targetHints":{"allow":["GET"]}}],"collection":[{"href":"https:\/\/lkdolls.lt\/en\/wp-json\/wp\/v2\/pages"}],"about":[{"href":"https:\/\/lkdolls.lt\/en\/wp-json\/wp\/v2\/types\/page"}],"author":[{"embeddable":true,"href":"https:\/\/lkdolls.lt\/en\/wp-json\/wp\/v2\/users\/1"}],"replies":[{"embeddable":true,"href":"https:\/\/lkdolls.lt\/en\/wp-json\/wp\/v2\/comments?post=482"}],"version-history":[{"count":202,"href":"https:\/\/lkdolls.lt\/en\/wp-json\/wp\/v2\/pages\/482\/revisions"}],"predecessor-version":[{"id":3871,"href":"https:\/\/lkdolls.lt\/en\/wp-json\/wp\/v2\/pages\/482\/revisions\/3871"}],"wp:attachment":[{"href":"https:\/\/lkdolls.lt\/en\/wp-json\/wp\/v2\/media?parent=482"}],"curies":[{"name":"wp","href":"https:\/\/api.w.org\/{rel}","templated":true}]}}