{"id":3732,"date":"2023-03-17T15:53:50","date_gmt":"2023-03-17T15:53:50","guid":{"rendered":"https:\/\/lkdolls.lt\/?post_type=product&#038;p=3732"},"modified":"2023-03-17T15:56:55","modified_gmt":"2023-03-17T15:56:55","slug":"interjerine-lele-su-meskuciu-6","status":"publish","type":"product","link":"https:\/\/lkdolls.lt\/en\/product\/interjerine-lele-su-meskuciu-6\/","title":{"rendered":"Interjerin\u0117 l\u0117l\u0117 su me\u0161ku\u010diu"},"content":{"rendered":"","protected":false},"excerpt":{"rendered":"<p>About the doll:<br \/>\n\u2022 The doll is one of a kind, you will never find another like it.<br \/>\n\u2022 Handmade dolls will decorate the interior of your home or be a great toy for your children!<br \/>\n\u2022\u00a0 \u00a035 centimetr\u0173 \u016bgio.<br \/>\n\u2022 The doll is made of cotton and other fabrics, filled with polyester. There is no wood or metal inside the doll. The doll's hair is fake, but it is soft and easy to comb.<br \/>\n\u2022\u00a0 \u00a0Galima skalbti tik rankomis \u0161velniomis skalbimo priemon\u0117mis ne auk\u0161tesn\u0117je kaip 30 laipsni\u0173 Celsijaus temperat\u016broje.<br \/>\n\u2022    Made with love for children ages 3 and up.<\/p>\n<p>\u2022 The actual color of the product may differ from the images shown. Each monitor or mobile phone screen has a different color rendering ability. In addition, the color of the photo can be affected by the lighting conditions at the time of taking the photo.<\/p>","protected":false},"featured_media":3733,"template":"","meta":{"site-sidebar-layout":"default","site-content-layout":"default","ast-global-header-display":"","ast-main-header-display":"","ast-hfb-above-header-display":"","ast-hfb-below-header-display":"","ast-hfb-mobile-header-display":"","site-post-title":"","ast-breadcrumbs-content":"","ast-featured-img":"","footer-sml-layout":"","theme-transparent-header-meta":"default","adv-header-id-meta":"","stick-header-meta":"","header-above-stick-meta":"","header-main-stick-meta":"","header-below-stick-meta":""},"product_brand":[],"product_cat":[20],"product_tag":[],"class_list":{"0":"post-3732","1":"product","2":"type-product","3":"status-publish","4":"has-post-thumbnail","6":"product_cat-interjerines-leles","7":"desktop-align-left","8":"tablet-align-left","9":"mobile-align-left","11":"first","12":"instock","13":"sold-individually","14":"shipping-taxable","15":"purchasable","16":"product-type-simple"},"_links":{"self":[{"href":"https:\/\/lkdolls.lt\/en\/wp-json\/wp\/v2\/product\/3732","targetHints":{"allow":["GET"]}}],"collection":[{"href":"https:\/\/lkdolls.lt\/en\/wp-json\/wp\/v2\/product"}],"about":[{"href":"https:\/\/lkdolls.lt\/en\/wp-json\/wp\/v2\/types\/product"}],"wp:featuredmedia":[{"embeddable":true,"href":"https:\/\/lkdolls.lt\/en\/wp-json\/wp\/v2\/media\/3733"}],"wp:attachment":[{"href":"https:\/\/lkdolls.lt\/en\/wp-json\/wp\/v2\/media?parent=3732"}],"wp:term":[{"taxonomy":"product_brand","embeddable":true,"href":"https:\/\/lkdolls.lt\/en\/wp-json\/wp\/v2\/product_brand?post=3732"},{"taxonomy":"product_cat","embeddable":true,"href":"https:\/\/lkdolls.lt\/en\/wp-json\/wp\/v2\/product_cat?post=3732"},{"taxonomy":"product_tag","embeddable":true,"href":"https:\/\/lkdolls.lt\/en\/wp-json\/wp\/v2\/product_tag?post=3732"}],"curies":[{"name":"wp","href":"https:\/\/api.w.org\/{rel}","templated":true}]}}