{"id":3817,"date":"2024-03-25T23:05:57","date_gmt":"2024-03-25T23:05:57","guid":{"rendered":"https:\/\/lkdolls.lt\/?post_type=product&#038;p=3817"},"modified":"2024-03-25T23:08:17","modified_gmt":"2024-03-25T23:08:17","slug":"lelyte-pakabukas-2","status":"publish","type":"product","link":"https:\/\/lkdolls.lt\/en\/product\/lelyte-pakabukas-2\/","title":{"rendered":"Doll - pendant"},"content":{"rendered":"","protected":false},"excerpt":{"rendered":"<div class=\"woocommerce-product-details__short-description\">\n<p>About the doll:<br \/>\n\u2022 100% handmade one-of-a-kind doll, there are no others like it, it is unique and unrepeatable.<br \/>\n\u2022 This doll can be a great decoration for children's room or the perfect toy for them!<br \/>\n\u2022 The doll has grown to a height of 15 centimeters.<br \/>\n\u2022 This product is made of cotton and other materials with a polyester lining. The product does not contain metal or wood structures. The doll's hair is fake, soft and easy to comb.<br \/>\n\u2022 Washing and cleaning can only be done by hand with mild detergents at a temperature not higher than 30 degrees.<br \/>\n\u2022 Made with love For children over 3 years old. Because the product contains small details, buttons and other elements.<\/p>\n<p>\u2022 The actual color of the product may differ from the images shown. Each monitor or mobile phone screen has a different color rendering ability. In addition, the color of the photo can be affected by the lighting conditions at the time of taking the photo.<\/p>\n<\/div>\n<form class=\"cart\" action=\"https:\/\/lkdolls.lt\/en\/product\/3813\/\" enctype=\"multipart\/form-data\" method=\"post\" data-trp-original-action=\"https:\/\/lkdolls.lt\/product\/3813\/\">\n<div class=\"quantity\"><label class=\"screen-reader-text\" for=\"quantity_660201dd4a1bb\">Kiekis<\/label><\/div>\n<p><button class=\"single_add_to_cart_button button alt\" name=\"add-to-cart\" type=\"submit\" value=\"3813\">\u012eD\u0116TI \u012e KREP\u0160EL\u012e<\/button><\/p>\n<input type=\"hidden\" name=\"trp-form-language\" value=\"en\"\/><\/form>","protected":false},"featured_media":3835,"template":"","meta":{"site-sidebar-layout":"default","site-content-layout":"default","ast-global-header-display":"","ast-main-header-display":"","ast-hfb-above-header-display":"","ast-hfb-below-header-display":"","ast-hfb-mobile-header-display":"","site-post-title":"","ast-breadcrumbs-content":"","ast-featured-img":"","footer-sml-layout":"","theme-transparent-header-meta":"default","adv-header-id-meta":"","stick-header-meta":"","header-above-stick-meta":"","header-main-stick-meta":"","header-below-stick-meta":""},"product_brand":[],"product_cat":[20],"product_tag":[],"class_list":{"0":"post-3817","1":"product","2":"type-product","3":"status-publish","4":"has-post-thumbnail","6":"product_cat-interjerines-leles","7":"desktop-align-left","8":"tablet-align-left","9":"mobile-align-left","11":"first","12":"instock","13":"sold-individually","14":"shipping-taxable","15":"purchasable","16":"product-type-simple"},"_links":{"self":[{"href":"https:\/\/lkdolls.lt\/en\/wp-json\/wp\/v2\/product\/3817","targetHints":{"allow":["GET"]}}],"collection":[{"href":"https:\/\/lkdolls.lt\/en\/wp-json\/wp\/v2\/product"}],"about":[{"href":"https:\/\/lkdolls.lt\/en\/wp-json\/wp\/v2\/types\/product"}],"wp:featuredmedia":[{"embeddable":true,"href":"https:\/\/lkdolls.lt\/en\/wp-json\/wp\/v2\/media\/3835"}],"wp:attachment":[{"href":"https:\/\/lkdolls.lt\/en\/wp-json\/wp\/v2\/media?parent=3817"}],"wp:term":[{"taxonomy":"product_brand","embeddable":true,"href":"https:\/\/lkdolls.lt\/en\/wp-json\/wp\/v2\/product_brand?post=3817"},{"taxonomy":"product_cat","embeddable":true,"href":"https:\/\/lkdolls.lt\/en\/wp-json\/wp\/v2\/product_cat?post=3817"},{"taxonomy":"product_tag","embeddable":true,"href":"https:\/\/lkdolls.lt\/en\/wp-json\/wp\/v2\/product_tag?post=3817"}],"curies":[{"name":"wp","href":"https:\/\/api.w.org\/{rel}","templated":true}]}}