{"id":570,"date":"2022-11-29T01:32:09","date_gmt":"2022-11-29T01:32:09","guid":{"rendered":"http:\/\/lkdolls.lt\/?post_type=product&#038;p=570"},"modified":"2022-12-14T22:58:44","modified_gmt":"2022-12-14T22:58:44","slug":"doll-with-teddy-bear-4","status":"publish","type":"product","link":"https:\/\/lkdolls.lt\/en\/product\/doll-with-teddy-bear-4\/","title":{"rendered":"L\u0117l\u0117 angelas su me\u0161kiuku"},"content":{"rendered":"","protected":false},"excerpt":{"rendered":"<p>About the doll:<br \/>\n\u2022\u00a0 \u00a0L\u0117l\u0117 yra vienintel\u0117 tokia, niekada nerasite tokios pa\u010dios.<br \/>\n\u2022 Handmade dolls will decorate the interior of your home or be a great toy for your children!<br \/>\n\u2022 22 cm height.<br \/>\n\u2022 The doll is made of cotton and other fabrics, filled with polyester. There is no wood or metal inside the doll. The doll's hair is fake, but it is soft and easy to comb.<br \/>\n\u2022 The doll can be hand washed only with mild detergents at a temperature not higher than 30 degrees Celsius.<br \/>\n\u2022    Made with love for children ages 3 and up.<\/p>\n<p>\u2022 The actual color of the product may differ from the images shown. Each monitor or mobile phone screen has a different color rendering ability. In addition, the color of the photo can be affected by the lighting conditions at the time of taking the photo.<\/p>","protected":false},"featured_media":3507,"template":"","meta":{"site-sidebar-layout":"default","site-content-layout":"default","ast-global-header-display":"","ast-main-header-display":"","ast-hfb-above-header-display":"","ast-hfb-below-header-display":"","ast-hfb-mobile-header-display":"","site-post-title":"","ast-breadcrumbs-content":"","ast-featured-img":"","footer-sml-layout":"","theme-transparent-header-meta":"default","adv-header-id-meta":"","stick-header-meta":"","header-above-stick-meta":"","header-main-stick-meta":"","header-below-stick-meta":""},"product_brand":[],"product_cat":[20],"product_tag":[],"class_list":{"0":"post-570","1":"product","2":"type-product","3":"status-publish","4":"has-post-thumbnail","6":"product_cat-interjerines-leles","7":"desktop-align-left","8":"tablet-align-left","9":"mobile-align-left","11":"first","12":"instock","13":"sold-individually","14":"shipping-taxable","15":"purchasable","16":"product-type-simple"},"_links":{"self":[{"href":"https:\/\/lkdolls.lt\/en\/wp-json\/wp\/v2\/product\/570","targetHints":{"allow":["GET"]}}],"collection":[{"href":"https:\/\/lkdolls.lt\/en\/wp-json\/wp\/v2\/product"}],"about":[{"href":"https:\/\/lkdolls.lt\/en\/wp-json\/wp\/v2\/types\/product"}],"wp:featuredmedia":[{"embeddable":true,"href":"https:\/\/lkdolls.lt\/en\/wp-json\/wp\/v2\/media\/3507"}],"wp:attachment":[{"href":"https:\/\/lkdolls.lt\/en\/wp-json\/wp\/v2\/media?parent=570"}],"wp:term":[{"taxonomy":"product_brand","embeddable":true,"href":"https:\/\/lkdolls.lt\/en\/wp-json\/wp\/v2\/product_brand?post=570"},{"taxonomy":"product_cat","embeddable":true,"href":"https:\/\/lkdolls.lt\/en\/wp-json\/wp\/v2\/product_cat?post=570"},{"taxonomy":"product_tag","embeddable":true,"href":"https:\/\/lkdolls.lt\/en\/wp-json\/wp\/v2\/product_tag?post=570"}],"curies":[{"name":"wp","href":"https:\/\/api.w.org\/{rel}","templated":true}]}}