{"id":586,"date":"2022-11-29T02:05:48","date_gmt":"2022-11-29T02:05:48","guid":{"rendered":"http:\/\/lkdolls.lt\/?post_type=product&#038;p=586"},"modified":"2022-12-18T14:02:44","modified_gmt":"2022-12-18T14:02:44","slug":"dream-balloon-with-elephant","status":"publish","type":"product","link":"https:\/\/lkdolls.lt\/en\/product\/dream-balloon-with-elephant\/","title":{"rendered":"Svajoni\u0173 balionas su drambliuku"},"content":{"rendered":"","protected":false},"excerpt":{"rendered":"<p>About the Dream Balloon:<br \/>\n\u2022\u00a0 \u00a0Svajoni\u0173 balionas yra vienetinis k\u016brinys. Tokio paties nerasite.<br \/>\n\u2022   The dream balloon will decorate the interior of the children's room or will be a great toy for them!<br \/>\n\u2022\u00a0 \u00a0Baliono skersmuo 25 centimetrai.<br \/>\n\u2022\u00a0 \u00a0Drambliuko auk\u0161tis 20 centimetr\u0173.<br \/>\n\u2022 Visas gaminio auk\u0161tis su drambliuku ant s\u016bpyni\u0173 60 centimetr\u0173.<br \/>\n\u2022   Made of cotton and other fabrics, filled with polyester.<br \/>\n\u2022   The balloon can only be washed by hand with mild detergents at a temperature not higher than 30 degrees Celsius.<br \/>\n\u2022    Made with love for children ages 3 and up.<\/p>\n<p>\u2022   The actual color of the product may differ from the images shown. Each monitor or mobile phone screen has a different ability to display colors, so each person can see these colors differently. In addition, the color of the photo can be affected by the lighting conditions at the time of taking the photo.<\/p>","protected":false},"featured_media":580,"template":"","meta":{"site-sidebar-layout":"default","site-content-layout":"default","ast-global-header-display":"","ast-main-header-display":"","ast-hfb-above-header-display":"","ast-hfb-below-header-display":"","ast-hfb-mobile-header-display":"","site-post-title":"","ast-breadcrumbs-content":"","ast-featured-img":"","footer-sml-layout":"","theme-transparent-header-meta":"default","adv-header-id-meta":"","stick-header-meta":"","header-above-stick-meta":"","header-main-stick-meta":"","header-below-stick-meta":""},"product_brand":[],"product_cat":[24],"product_tag":[],"class_list":{"0":"post-586","1":"product","2":"type-product","3":"status-publish","4":"has-post-thumbnail","6":"product_cat-svajoniu-balionai","7":"desktop-align-left","8":"tablet-align-left","9":"mobile-align-left","11":"first","12":"instock","13":"sold-individually","14":"shipping-taxable","15":"purchasable","16":"product-type-simple"},"_links":{"self":[{"href":"https:\/\/lkdolls.lt\/en\/wp-json\/wp\/v2\/product\/586","targetHints":{"allow":["GET"]}}],"collection":[{"href":"https:\/\/lkdolls.lt\/en\/wp-json\/wp\/v2\/product"}],"about":[{"href":"https:\/\/lkdolls.lt\/en\/wp-json\/wp\/v2\/types\/product"}],"wp:featuredmedia":[{"embeddable":true,"href":"https:\/\/lkdolls.lt\/en\/wp-json\/wp\/v2\/media\/580"}],"wp:attachment":[{"href":"https:\/\/lkdolls.lt\/en\/wp-json\/wp\/v2\/media?parent=586"}],"wp:term":[{"taxonomy":"product_brand","embeddable":true,"href":"https:\/\/lkdolls.lt\/en\/wp-json\/wp\/v2\/product_brand?post=586"},{"taxonomy":"product_cat","embeddable":true,"href":"https:\/\/lkdolls.lt\/en\/wp-json\/wp\/v2\/product_cat?post=586"},{"taxonomy":"product_tag","embeddable":true,"href":"https:\/\/lkdolls.lt\/en\/wp-json\/wp\/v2\/product_tag?post=586"}],"curies":[{"name":"wp","href":"https:\/\/api.w.org\/{rel}","templated":true}]}}