{"id":678,"date":"2022-11-29T16:40:36","date_gmt":"2022-11-29T16:40:36","guid":{"rendered":"http:\/\/lkdolls.lt\/?post_type=product&#038;p=678"},"modified":"2022-12-14T22:55:03","modified_gmt":"2022-12-14T22:55:03","slug":"animals-with-stars-hanging-decoration","status":"publish","type":"product","link":"https:\/\/lkdolls.lt\/en\/product\/animals-with-stars-hanging-decoration\/","title":{"rendered":"Decoration of animals and stars"},"content":{"rendered":"","protected":false},"excerpt":{"rendered":"<p>Apie dekoracij\u0105:<br \/>\n\u2022\u00a0 \u00a0100% rank\u0173 darbo, \u0161i dekoracija yra vienetin\u0117. Niekada nerasite tokios pat.<br \/>\n\u2022\u00a0 \u00a0Dekoracija papuo\u0161 j\u016bs\u0173 nam\u0173 interjer\u0105 arba bus puikus \u017eaislas j\u016bs\u0173 vaikams!<br \/>\n\u2022\u00a0 \u00a040 centimetr\u0173 ilgio.<br \/>\n\u2022\u00a0 \u00a0Gyv\u016bn\u0173 dydis 12 centimetr\u0173.<br \/>\n\u2022\u00a0 \u00a0Pagaminta i\u0161 medviln\u0117s ir kit\u0173 audini\u0173, u\u017epildyta poliesteriu. L\u0117l\u0117s viduje n\u0117ra jokios medienos ar metalo.<br \/>\n\u2022\u00a0 \u00a0\u0160i\u0105 dekoracij\u0105 galima skalbti tik rankomis su \u0161velniomis skalbimo priemon\u0117mis ne auk\u0161tesn\u0117je kaip 30 laipsni\u0173 Celsijaus temperat\u016broje.<br \/>\n\u2022    Made with love for children ages 3 and up.<\/p>\n<p>\u2022   The actual color of the product may differ from the images shown. Each monitor or mobile phone screen has a different ability to display colors, so each person may see these colors differently. In addition, the color of the photo can be affected by the lighting conditions at the time of taking the photo.<\/p>","protected":false},"featured_media":3489,"template":"","meta":{"site-sidebar-layout":"default","site-content-layout":"default","ast-global-header-display":"","ast-main-header-display":"","ast-hfb-above-header-display":"","ast-hfb-below-header-display":"","ast-hfb-mobile-header-display":"","site-post-title":"","ast-breadcrumbs-content":"","ast-featured-img":"","footer-sml-layout":"","theme-transparent-header-meta":"default","adv-header-id-meta":"","stick-header-meta":"","header-above-stick-meta":"","header-main-stick-meta":"","header-below-stick-meta":""},"product_brand":[],"product_cat":[29],"product_tag":[],"class_list":{"0":"post-678","1":"product","2":"type-product","3":"status-publish","4":"has-post-thumbnail","6":"product_cat-vaiku-kambario-dekoracijos","7":"desktop-align-left","8":"tablet-align-left","9":"mobile-align-left","11":"first","12":"instock","13":"sold-individually","14":"shipping-taxable","15":"purchasable","16":"product-type-simple"},"_links":{"self":[{"href":"https:\/\/lkdolls.lt\/en\/wp-json\/wp\/v2\/product\/678","targetHints":{"allow":["GET"]}}],"collection":[{"href":"https:\/\/lkdolls.lt\/en\/wp-json\/wp\/v2\/product"}],"about":[{"href":"https:\/\/lkdolls.lt\/en\/wp-json\/wp\/v2\/types\/product"}],"wp:featuredmedia":[{"embeddable":true,"href":"https:\/\/lkdolls.lt\/en\/wp-json\/wp\/v2\/media\/3489"}],"wp:attachment":[{"href":"https:\/\/lkdolls.lt\/en\/wp-json\/wp\/v2\/media?parent=678"}],"wp:term":[{"taxonomy":"product_brand","embeddable":true,"href":"https:\/\/lkdolls.lt\/en\/wp-json\/wp\/v2\/product_brand?post=678"},{"taxonomy":"product_cat","embeddable":true,"href":"https:\/\/lkdolls.lt\/en\/wp-json\/wp\/v2\/product_cat?post=678"},{"taxonomy":"product_tag","embeddable":true,"href":"https:\/\/lkdolls.lt\/en\/wp-json\/wp\/v2\/product_tag?post=678"}],"curies":[{"name":"wp","href":"https:\/\/api.w.org\/{rel}","templated":true}]}}